{"id":151,"date":"2012-04-23T09:02:00","date_gmt":"2012-04-23T07:02:00","guid":{"rendered":"http:\/\/www.kjv-harheim.de\/?page_id=151"},"modified":"2024-04-28T11:03:08","modified_gmt":"2024-04-28T09:03:08","slug":"der-vorstand-2","status":"publish","type":"page","link":"http:\/\/www.kjv-harheim.de\/index.php\/wir-uber-uns\/der-vorstand-2\/","title":{"rendered":"Der Vorstand"},"content":{"rendered":"\n<figure><a href=\"http:\/\/www.kjv-harheim.de\/wp-content\/uploads\/2012\/04\/Michael-Fries.jpg\"><img decoding=\"async\" loading=\"lazy\" class=\"alignleft\" src=\"http:\/\/www.kjv-harheim.de\/wp-content\/uploads\/2012\/04\/Michael-Fries-225x300.jpg\" alt=\"Michael-Fries\" width=\"100\" height=\"133\" \/><\/a><\/figure>\n<pre class=\"wp-block-preformatted\">Michael Fries\n1. Vorsitzender\t\n\t\n<a href=\"mailto:Vorsitzender@kjv-harheim.de\" data-wplink-edit=\"true\">Vorsitzender@kjv-harheim.de\n\n\n\n<\/a><\/pre>\n\n\n\n<figure><a href=\"http:\/\/www.kjv-harheim.de\/wp-content\/uploads\/2022\/08\/Bild-Homepage-Kerstin.jpg\"><img data-attachment-id=\"7153\" data-permalink=\"http:\/\/www.kjv-harheim.de\/index.php\/wir-uber-uns\/der-vorstand-2\/bild-homepage-kerstin\/\" data-orig-file=\"http:\/\/www.kjv-harheim.de\/wp-content\/uploads\/2022\/08\/Bild-Homepage-Kerstin.jpg\" data-orig-size=\"327,395\" data-comments-opened=\"0\" data-image-meta=\"{&quot;aperture&quot;:&quot;0&quot;,&quot;credit&quot;:&quot;&quot;,&quot;camera&quot;:&quot;&quot;,&quot;caption&quot;:&quot;&quot;,&quot;created_timestamp&quot;:&quot;0&quot;,&quot;copyright&quot;:&quot;&quot;,&quot;focal_length&quot;:&quot;0&quot;,&quot;iso&quot;:&quot;0&quot;,&quot;shutter_speed&quot;:&quot;0&quot;,&quot;title&quot;:&quot;&quot;,&quot;orientation&quot;:&quot;0&quot;}\" data-image-title=\"Bild-Homepage-Kerstin\" data-image-description=\"\" data-image-caption=\"\" data-medium-file=\"http:\/\/www.kjv-harheim.de\/wp-content\/uploads\/2022\/08\/Bild-Homepage-Kerstin-248x300.jpg\" data-large-file=\"http:\/\/www.kjv-harheim.de\/wp-content\/uploads\/2022\/08\/Bild-Homepage-Kerstin.jpg\" decoding=\"async\" loading=\"lazy\" class=\"wp-image-7153  alignleft\" src=\"http:\/\/www.kjv-harheim.de\/wp-content\/uploads\/2022\/08\/Bild-Homepage-Kerstin-248x300.jpg\" alt=\"\" width=\"103\" height=\"124\" srcset=\"http:\/\/www.kjv-harheim.de\/wp-content\/uploads\/2022\/08\/Bild-Homepage-Kerstin-248x300.jpg 248w, http:\/\/www.kjv-harheim.de\/wp-content\/uploads\/2022\/08\/Bild-Homepage-Kerstin.jpg 327w\" sizes=\"(max-width: 103px) 100vw, 103px\" \/><\/a><\/figure>\n<pre class=\"wp-block-preformatted\">Kerstin Heisig-Fischer\n2. Vorsitzende\n\n<a href=\"mailto:Vorsitzender@kjv-harheim.de\">Vorsitzende@kjv-harheim.de\n\n<\/a><br \/>\n<\/pre>\n\n\n\n<figure><img decoding=\"async\" loading=\"lazy\" class=\"alignleft\" src=\"http:\/\/www.kjv-harheim.de\/wp-content\/uploads\/2012\/04\/Andreas-Kordek-226x300.jpg\" alt=\"Andreas-Kordek\" width=\"100\" height=\"133\" \/><\/figure>\n<pre class=\"wp-block-preformatted\">Andreas Kordek\nKassierer<a href=\"mailto:Kassierer@kjv-harheim.de\">\n\nKassierer@kjv-harheim.de\n\n\n\n<\/a><\/pre>\n\n\n\n<figure><a href=\"http:\/\/www.kjv-harheim.de\/wp-content\/uploads\/2012\/04\/Vorstand.jpg\"><img decoding=\"async\" loading=\"lazy\" class=\"alignleft\" src=\"http:\/\/www.kjv-harheim.de\/wp-content\/uploads\/2012\/04\/Vorstand-300x199.jpg\" alt=\"Vorstand\" width=\"101\" height=\"67\" \/><\/a><\/figure>\n<pre class=\"wp-block-preformatted\">Jakob Schmidt\nSchriftf\u00fchrer<a href=\"mailto:Schriftfuehrer@kjv-harheim.de\">\n\nSchriftfuehrer@kjv-harheim.de\n<\/a>\n\n<\/pre>\n\n\n\n<figure><a href=\"http:\/\/www.kjv-harheim.de\/wp-content\/uploads\/2012\/04\/Vorstand.jpg\"><img decoding=\"async\" loading=\"lazy\" class=\"alignleft\" src=\"http:\/\/www.kjv-harheim.de\/wp-content\/uploads\/2012\/04\/Vorstand-300x199.jpg\" alt=\"Vorstand\" width=\"101\" height=\"67\" \/><\/a><\/figure>\n<pre class=\"wp-block-preformatted\">Melina Krimmel\nstellv. Schriftf\u00fchrerin<a href=\"mailto:Schriftfuehrer@kjv-harheim.de\">\n\nSchriftfuehrer@kjv-harheim.de\n<\/a>\n\n<\/pre>\n\n\n\n<figure><a href=\"http:\/\/www.kjv-harheim.de\/wp-content\/uploads\/2012\/04\/Christiane-Sch\u00fcrmann.jpg\"><img decoding=\"async\" loading=\"lazy\" class=\"alignleft\" src=\"http:\/\/www.kjv-harheim.de\/wp-content\/uploads\/2012\/04\/Christiane-Sch\u00fcrmann-224x300.jpg\" alt=\"Christiane-Sch\u00fcrmann\" width=\"100\" height=\"134\" \/><\/a><\/figure>\n<pre class=\"wp-block-preformatted\">Christiane Sch\u00fcrmann\n1.Stabf\u00fchrerin<a href=\"mailto:Musikzug@kjv-harheim.de\">\n\nMusikzug@kjv-harheim.de\n\n\n\n<\/a><\/pre>\n\n\n\n<figure><a href=\"http:\/\/www.kjv-harheim.de\/wp-content\/uploads\/2012\/04\/Vorstand.jpg\"><img decoding=\"async\" loading=\"lazy\" class=\"alignleft\" src=\"http:\/\/www.kjv-harheim.de\/wp-content\/uploads\/2012\/04\/Vorstand-300x199.jpg\" alt=\"Vorstand\" width=\"101\" height=\"67\" \/><\/a><\/figure>\n<pre class=\"wp-block-preformatted\">Johanna Fries\n2.Stabf\u00fchrerin<a href=\"mailto:Musikzug@kjv-harheim.de\">\n\nMusikzug@kjv-harheim.de\n\n<\/a><\/pre>\n\n\n\n<figure><a href=\"http:\/\/www.kjv-harheim.de\/wp-content\/uploads\/2012\/04\/Vorstand.jpg\"><img decoding=\"async\" loading=\"lazy\" class=\"alignleft\" src=\"http:\/\/www.kjv-harheim.de\/wp-content\/uploads\/2012\/04\/Vorstand-300x199.jpg\" alt=\"Vorstand\" width=\"101\" height=\"67\" \/><\/a><\/figure>\n<pre class=\"wp-block-preformatted\">Helena Schieferdecker\nJugendvertreterin<a href=\"mailto:Jugendvertreter@kjv-harheim.de\">\n\nJugendvertreter@kjv-harheim.de\n\n<\/a>\n<\/pre>\n\n\n\n<figure><a href=\"http:\/\/www.kjv-harheim.de\/wp-content\/uploads\/2012\/04\/Vorstand.jpg\"><img decoding=\"async\" loading=\"lazy\" class=\"alignleft\" src=\"http:\/\/www.kjv-harheim.de\/wp-content\/uploads\/2012\/04\/Vorstand-300x199.jpg\" alt=\"Vorstand\" width=\"101\" height=\"67\" \/><\/a><\/figure>\n<pre class=\"wp-block-preformatted\">Kerstin Schmidt\nJugendvertreterin<a href=\"mailto:Jugendvertreter@kjv-harheim.de\">\n\nJugendvertreter@kjv-harheim.de\n\n<\/a>\n<\/pre>\n\n\n\n<figure><a href=\"http:\/\/www.kjv-harheim.de\/wp-content\/uploads\/2012\/04\/Chrissi.jpg\"><img data-attachment-id=\"5844\" data-permalink=\"http:\/\/www.kjv-harheim.de\/index.php\/wir-uber-uns\/der-vorstand-2\/chrissi\/\" data-orig-file=\"http:\/\/www.kjv-harheim.de\/wp-content\/uploads\/2012\/04\/Chrissi.jpg\" data-orig-size=\"620,840\" data-comments-opened=\"0\" data-image-meta=\"{&quot;aperture&quot;:&quot;11&quot;,&quot;credit&quot;:&quot;REBECCA DERNBACH FOTODESIGN&quot;,&quot;camera&quot;:&quot;NIKON D810&quot;,&quot;caption&quot;:&quot;&quot;,&quot;created_timestamp&quot;:&quot;1507479609&quot;,&quot;copyright&quot;:&quot;REBECCA DERNBACH FOTODESIGN&quot;,&quot;focal_length&quot;:&quot;42&quot;,&quot;iso&quot;:&quot;320&quot;,&quot;shutter_speed&quot;:&quot;0.008&quot;,&quot;title&quot;:&quot;&quot;,&quot;orientation&quot;:&quot;1&quot;}\" data-image-title=\"Chrissi\" data-image-description=\"\" data-image-caption=\"\" data-medium-file=\"http:\/\/www.kjv-harheim.de\/wp-content\/uploads\/2012\/04\/Chrissi-221x300.jpg\" data-large-file=\"http:\/\/www.kjv-harheim.de\/wp-content\/uploads\/2012\/04\/Chrissi.jpg\" decoding=\"async\" loading=\"lazy\" class=\"wp-image-5844 alignleft\" src=\"http:\/\/www.kjv-harheim.de\/wp-content\/uploads\/2012\/04\/Chrissi-221x300.jpg\" alt=\"\" width=\"105\" height=\"143\" srcset=\"http:\/\/www.kjv-harheim.de\/wp-content\/uploads\/2012\/04\/Chrissi-221x300.jpg 221w, http:\/\/www.kjv-harheim.de\/wp-content\/uploads\/2012\/04\/Chrissi.jpg 620w\" sizes=\"(max-width: 105px) 100vw, 105px\" \/><\/a><\/figure>\n<pre class=\"wp-block-preformatted\">Christine Gaulrapp\nZeugwart<a href=\"mailto:Zeugwart@kjv-harheim.de\">\n\nZeugwart@kjv-harheim.de<\/a>\n\n<br \/><br \/><br \/>\n<\/pre>\n\n\n\n<figure><a href=\"http:\/\/www.kjv-harheim.de\/wp-content\/uploads\/2012\/04\/Robert-Guth-1.jpg\"><img decoding=\"async\" loading=\"lazy\" class=\"alignleft\" src=\"http:\/\/www.kjv-harheim.de\/wp-content\/uploads\/2012\/04\/Robert-Guth-1-225x300.jpg\" alt=\"Robert-Guth\" width=\"100\" height=\"133\" \/><\/a><\/figure>\n<pre class=\"wp-block-preformatted\">Robert Guth\nVereinsringbeauftragter<a href=\"mailto:Vereinsring@kjv-harheim.de\">\n\nVereinsring@kjv-harheim.de\n\n\n<br \/><br \/>\n<\/a><\/pre>\n\n\n\n<figure><a href=\"http:\/\/www.kjv-harheim.de\/wp-content\/uploads\/2012\/04\/Vorstand.jpg\"><img decoding=\"async\" loading=\"lazy\" class=\"alignleft\" src=\"http:\/\/www.kjv-harheim.de\/wp-content\/uploads\/2012\/04\/Vorstand-300x199.jpg\" alt=\"Vorstand\" width=\"101\" height=\"67\" \/><\/a><\/figure>\n<pre class=\"wp-block-preformatted\">Heiko Schmidt\nFastnachtbeauftragter<a href=\"mailto:fastnacht@kjv-harheim.de\">\n\nFastnacht@kjv-harheim.de \n<\/a>\n\n<\/pre>\n\n\n\n<figure><a href=\"http:\/\/www.kjv-harheim.de\/wp-content\/uploads\/2012\/04\/Vorstand.jpg\"><img decoding=\"async\" loading=\"lazy\" class=\"alignleft\" src=\"http:\/\/www.kjv-harheim.de\/wp-content\/uploads\/2012\/04\/Vorstand-300x199.jpg\" alt=\"Vorstand\" width=\"101\" height=\"67\" \/><\/a><\/figure>\n<pre class=\"wp-block-preformatted\">Nicole Reul\nFastnachtbeauftragte\n<a href=\"mailto:fastnacht@kjv-harheim.de\">Fastnacht@kjv-harheim.de\n<br \/>\n<\/a><\/pre>\n\n\n\n<figure><a href=\"http:\/\/www.kjv-harheim.de\/wp-content\/uploads\/2012\/04\/Vorstand.jpg\"><img decoding=\"async\" loading=\"lazy\" class=\"alignleft\" src=\"http:\/\/www.kjv-harheim.de\/wp-content\/uploads\/2012\/04\/Vorstand-300x199.jpg\" alt=\"Vorstand\" width=\"101\" height=\"67\" \/><\/a><\/figure>\n<pre class=\"wp-block-preformatted\">Luca Amthor\nSportwart<a href=\"mailto:sport@kjv-harheim.de\">\n\nsport@kjv-harheim.de\n<\/a>\n\n<\/pre>\n","protected":false},"excerpt":{"rendered":"<p>Michael Fries 1. Vorsitzender Vorsitzender@kjv-harheim.de Kerstin Heisig-Fischer 2. Vorsitzende Vorsitzende@kjv-harheim.de Andreas Kordek Kassierer Kassierer@kjv-harheim.de Jakob Schmidt Schriftf\u00fchrer Schriftfuehrer@kjv-harheim.de Melina Krimmel stellv. Schriftf\u00fchrerin Schriftfuehrer@kjv-harheim.de Christiane Sch\u00fcrmann 1.Stabf\u00fchrerin Musikzug@kjv-harheim.de Johanna Fries 2.Stabf\u00fchrerin Musikzug@kjv-harheim.de Helena Schieferdecker Jugendvertreterin Jugendvertreter@kjv-harheim.de Kerstin Schmidt Jugendvertreterin Jugendvertreter@kjv-harheim.de Christine Gaulrapp Zeugwart Zeugwart@kjv-harheim.de Robert Guth Vereinsringbeauftragter Vereinsring@kjv-harheim.de Heiko Schmidt Fastnachtbeauftragter Fastnacht@kjv-harheim.de Nicole Reul Fastnachtbeauftragte Fastnacht@kjv-harheim.de [&hellip;]<\/p>\n","protected":false},"author":1,"featured_media":0,"parent":38,"menu_order":0,"comment_status":"closed","ping_status":"closed","template":"","meta":{"jetpack_post_was_ever_published":false},"jetpack_sharing_enabled":true,"jetpack_shortlink":"https:\/\/wp.me\/P7HeFu-2r","jetpack-related-posts":[{"id":3360,"url":"http:\/\/www.kjv-harheim.de\/index.php\/wir-uber-uns\/impressum2\/","url_meta":{"origin":151,"position":0},"title":"Impressum","date":"22. Juni 2016","format":false,"excerpt":"Katholischer Jugendverein Frankfurt\/Main Harheim e.V. Ma\u00dfbornstra\u00dfe 35 60437 Frankfurt am Main Telefon: 06101\/49570 E-Mail: webmaster@kjv-Harheim.de Internet: www.kjv-harheim.de Bankverbindung: Frankfurter Volksbank eG IBAN: DE46 5019 0000 6300 6071 42 \u00a0 Vertretungsberechtigter Vorstand: Michael Fries (1. Vorsitzender), Kerstin Heisig-Fischer (2. Vorsitzende) Inhaltlich Verantwortlicher gem\u00e4\u00df \u00a7 10 Absatz 3 MDStV: Torsten Meth, Winkelgasse\u2026","rel":"","context":"\u00c4hnlicher Beitrag","img":{"alt_text":"","src":"","width":0,"height":0},"classes":[]},{"id":40,"url":"http:\/\/www.kjv-harheim.de\/index.php\/wir-uber-uns\/der-verein\/","url_meta":{"origin":151,"position":1},"title":"Der Verein","date":"19. April 2012","format":false,"excerpt":"Der Katholische Jugendverein Harheim wurde 1910 von Pfarrer Hemmes ins Leben gerufen. Sein Ziel war es, die soziale, religi\u00f6se und geistige Erziehung seiner Mitglieder zu f\u00f6rdern. Im Jahre 1914 gr\u00fcndete sich der Spielmannszug des KJV und hatte bei der Fahnenweihe am 07.Juni 1924 seinen ersten Auftritt. Der KJV hat heute\u2026","rel":"","context":"\u00c4hnlicher Beitrag","img":{"alt_text":"","src":"","width":0,"height":0},"classes":[]},{"id":398,"url":"http:\/\/www.kjv-harheim.de\/","url_meta":{"origin":151,"position":2},"title":"Startseite","date":"23. April 2012","format":false,"excerpt":"Herzlich willkommen auf den Internetseiten des Katholischen Jugend Verein Frankfurt-Harheim e.V. \u2013 kurz \u201eKJV\u201c. Wir freuen uns, dass Sie unsere Internetpr\u00e4senz besuchen. Auf unseren Seiten stellen wir Ihnen die vielen Facetten unseres bunten Vereinslebens vor. Jede und jeder ist bei uns herzlich willkommen, wir freuen uns \u00fcber jedes neue Gesicht!\u2026","rel":"","context":"\u00c4hnlicher Beitrag","img":{"alt_text":"","src":"https:\/\/i0.wp.com\/www.kjv-harheim.de\/wp-content\/uploads\/2026\/03\/Save-the-date-2026-1.jpg?resize=350%2C200","width":350,"height":200},"classes":[]},{"id":7290,"url":"http:\/\/www.kjv-harheim.de\/index.php\/preise-und-leistungen\/","url_meta":{"origin":151,"position":3},"title":"Preise und Leistungen","date":"13. April 2023","format":false,"excerpt":"KJV Mitgliedsbeitr\u00e4ge: Erwachsene 30,00 \u20ac pro Jahr \u00a0 1. Kind 18,00 \u20ac pro Jahr \u00a0 2. Kind 13,00 \u20ac pro Jahr \u00a0 jedes weitere Kind 5,00 \u20ac pro Jahr \u00a0 Besondere zus\u00e4tzliche Leistungen \u00a0 \u00a0 Mitgliedsbeitrag f\u00fcr den KJV Musikzug: 15,00 \u20ac pro Monat \u00a0 \u00a0 \u00a0 \u00a0 Blockfl\u00f6tenkurse f\u00fcr\u2026","rel":"","context":"\u00c4hnlicher Beitrag","img":{"alt_text":"","src":"","width":0,"height":0},"classes":[]},{"id":3660,"url":"http:\/\/www.kjv-harheim.de\/index.php\/calendar\/","url_meta":{"origin":151,"position":4},"title":"Kalender","date":"5. Juli 2016","format":false,"excerpt":"","rel":"","context":"\u00c4hnlicher Beitrag","img":{"alt_text":"","src":"https:\/\/i0.wp.com\/www.kjv-harheim.de\/wp-content\/uploads\/2016\/07\/kalender.jpg?resize=350%2C200","width":350,"height":200},"classes":[]},{"id":7545,"url":"http:\/\/www.kjv-harheim.de\/index.php\/fan-shop\/","url_meta":{"origin":151,"position":5},"title":"https:\/\/kjvharheim.clubsolution.shop\/","date":"23. November 2023","format":false,"excerpt":"https:\/\/kjvharheim.clubsolution.shop\/ \u00a0","rel":"","context":"\u00c4hnlicher Beitrag","img":{"alt_text":"","src":"","width":0,"height":0},"classes":[]}],"_links":{"self":[{"href":"http:\/\/www.kjv-harheim.de\/index.php\/wp-json\/wp\/v2\/pages\/151"}],"collection":[{"href":"http:\/\/www.kjv-harheim.de\/index.php\/wp-json\/wp\/v2\/pages"}],"about":[{"href":"http:\/\/www.kjv-harheim.de\/index.php\/wp-json\/wp\/v2\/types\/page"}],"author":[{"embeddable":true,"href":"http:\/\/www.kjv-harheim.de\/index.php\/wp-json\/wp\/v2\/users\/1"}],"replies":[{"embeddable":true,"href":"http:\/\/www.kjv-harheim.de\/index.php\/wp-json\/wp\/v2\/comments?post=151"}],"version-history":[{"count":21,"href":"http:\/\/www.kjv-harheim.de\/index.php\/wp-json\/wp\/v2\/pages\/151\/revisions"}],"predecessor-version":[{"id":7726,"href":"http:\/\/www.kjv-harheim.de\/index.php\/wp-json\/wp\/v2\/pages\/151\/revisions\/7726"}],"up":[{"embeddable":true,"href":"http:\/\/www.kjv-harheim.de\/index.php\/wp-json\/wp\/v2\/pages\/38"}],"wp:attachment":[{"href":"http:\/\/www.kjv-harheim.de\/index.php\/wp-json\/wp\/v2\/media?parent=151"}],"curies":[{"name":"wp","href":"https:\/\/api.w.org\/{rel}","templated":true}]}}