{"id":3360,"date":"2016-06-22T22:27:34","date_gmt":"2016-06-22T20:27:34","guid":{"rendered":"http:\/\/www.kjv-harheim.de\/?page_id=3360"},"modified":"2023-05-09T08:05:31","modified_gmt":"2023-05-09T06:05:31","slug":"impressum2","status":"publish","type":"page","link":"http:\/\/www.kjv-harheim.de\/index.php\/wir-uber-uns\/impressum2\/","title":{"rendered":"Impressum"},"content":{"rendered":"<p style=\"margin-top: 0px; margin-bottom: 0px;\" align=\"left\"><strong><span style=\"font-family: Verdana; font-size: x-small;\">Katholischer Jugendverein Frankfurt\/Main Harheim e.V.<\/span><\/strong><\/p>\n<p style=\"margin-top: 0px; margin-bottom: 0px;\" align=\"left\"><strong><span style=\"font-family: Verdana; font-size: x-small;\">Ma\u00dfbornstra\u00dfe 35<\/span><\/strong><\/p>\n<p style=\"margin-top: 0px; margin-bottom: 0px;\" align=\"left\"><strong><span style=\"font-family: Verdana; font-size: x-small;\">60437 Frankfurt am Main<\/span><\/strong><\/p>\n<p style=\"margin-top: 0px; margin-bottom: 0px;\" align=\"left\"><span style=\"font-family: Verdana; font-size: x-small;\"><br \/>\nTelefon: 06101\/49570<\/span><\/p>\n<p style=\"margin-top: 0px; margin-bottom: 0px;\" align=\"left\"><span style=\"font-family: Verdana; font-size: x-small;\">E-Mail: <a href=\"mailto:webmaster@kjv-Harheim.de\"><span style=\"text-decoration: underline;\"><span style=\"color: #0066cc;\">webmaster@kjv-Harheim.de<\/span><\/span><\/a><\/span><\/p>\n<p style=\"margin-top: 0px; margin-bottom: 0px;\" align=\"left\"><span style=\"font-family: Verdana; font-size: x-small;\">Internet: <a href=\"\/\" target=\"_top\" rel=\"noopener noreferrer\"><span style=\"text-decoration: underline;\"><span style=\"color: #0066cc;\">www.kjv-harheim.de<\/span><\/span><\/a><br \/>\n<\/span><\/p>\n<p style=\"margin-top: 0px; margin-bottom: 0px;\" align=\"left\"><span style=\"font-family: Verdana; font-size: x-small;\"><strong>Bankverbindung:<\/strong> Frankfurter Volksbank eG<br \/>\nIBAN: DE46 5019 0000 6300 6071 42<\/span><\/p>\n<p><span style=\"font-family: Verdana; font-size: x-small;\">\u00a0<\/span><\/p>\n<p style=\"margin-top: 0px; margin-bottom: 0px;\" align=\"left\"><strong>Vertretungsberechtigter Vorstand:<\/strong><\/p>\n<p style=\"margin-top: 0px; margin-bottom: 0px;\" align=\"left\">Michael Fries (1. Vorsitzender), Kerstin Heisig-Fischer (2. Vorsitzende)<\/p>\n<p style=\"margin-top: 0px; margin-bottom: 0px;\" align=\"left\"><strong>Inhaltlich Verantwortlicher gem\u00e4\u00df \u00a7 10 Absatz 3 MDStV:<\/strong><\/p>\n<p style=\"margin-top: 0px; margin-bottom: 0px;\" align=\"left\">Torsten Meth, Winkelgasse 14, 60437 Frankfurt\/Main<\/p>\n<p style=\"margin-top: 0px; margin-bottom: 0px;\" align=\"left\"><strong>Haftungshinweis: <\/strong>Trotz sorgf\u00e4ltiger inhaltlicher Kontrolle \u00fcbernehmen wir keine Haftung f\u00fcr die Inhalte externer Links. F\u00fcr den Inhalt der verlinkten Seiten sind ausschlie\u00dflich deren Betreiber verantwortlich.<\/p>\n","protected":false},"excerpt":{"rendered":"<p>Katholischer Jugendverein Frankfurt\/Main Harheim e.V. Ma\u00dfbornstra\u00dfe 35 60437 Frankfurt am Main Telefon: 06101\/49570 E-Mail: webmaster@kjv-Harheim.de Internet: www.kjv-harheim.de Bankverbindung: Frankfurter Volksbank eG IBAN: DE46 5019 0000 6300 6071 42 \u00a0 Vertretungsberechtigter Vorstand: Michael Fries (1. Vorsitzender), Kerstin Heisig-Fischer (2. Vorsitzende) Inhaltlich Verantwortlicher gem\u00e4\u00df \u00a7 10 Absatz 3 MDStV: Torsten Meth, Winkelgasse 14, 60437 Frankfurt\/Main Haftungshinweis: Trotz [&hellip;]<\/p>\n","protected":false},"author":1,"featured_media":0,"parent":38,"menu_order":0,"comment_status":"closed","ping_status":"closed","template":"","meta":{"jetpack_post_was_ever_published":false},"jetpack_sharing_enabled":true,"jetpack_shortlink":"https:\/\/wp.me\/P7HeFu-Sc","jetpack-related-posts":[{"id":5852,"url":"http:\/\/www.kjv-harheim.de\/index.php\/wir-uber-uns\/datenschutzerklaerung\/","url_meta":{"origin":3360,"position":0},"title":"Datenschutzerkl\u00e4rung","date":"24. Mai 2018","format":false,"excerpt":"Datenschutzerkl\u00e4rung Wir freuen uns sehr \u00fcber Ihr Interesse an unserem Verein. Datenschutz hat einen besonders hohen Stellenwert f\u00fcr den Katholischen Jugendverein Frankfurt am Main - Harheim e.V. (kurz: KJV). Eine Nutzung der Internetseiten des Katholischen Jugendverein Frankfurt am Main - Harheim e.V. (kurz: KJV) ist grunds\u00e4tzlich ohne jede Angabe personenbezogener\u2026","rel":"","context":"\u00c4hnlicher Beitrag","img":{"alt_text":"","src":"","width":0,"height":0},"classes":[]},{"id":398,"url":"http:\/\/www.kjv-harheim.de\/","url_meta":{"origin":3360,"position":1},"title":"Startseite","date":"23. April 2012","format":false,"excerpt":"Herzlich willkommen auf den Internetseiten des Katholischen Jugend Verein Frankfurt-Harheim e.V. \u2013 kurz \u201eKJV\u201c. Wir freuen uns, dass Sie unsere Internetpr\u00e4senz besuchen. Auf unseren Seiten stellen wir Ihnen die vielen Facetten unseres bunten Vereinslebens vor. Jede und jeder ist bei uns herzlich willkommen, wir freuen uns \u00fcber jedes neue Gesicht!\u2026","rel":"","context":"\u00c4hnlicher Beitrag","img":{"alt_text":"","src":"https:\/\/i0.wp.com\/www.kjv-harheim.de\/wp-content\/uploads\/2026\/03\/Save-the-date-2026-1.jpg?resize=350%2C200","width":350,"height":200},"classes":[]}],"_links":{"self":[{"href":"http:\/\/www.kjv-harheim.de\/index.php\/wp-json\/wp\/v2\/pages\/3360"}],"collection":[{"href":"http:\/\/www.kjv-harheim.de\/index.php\/wp-json\/wp\/v2\/pages"}],"about":[{"href":"http:\/\/www.kjv-harheim.de\/index.php\/wp-json\/wp\/v2\/types\/page"}],"author":[{"embeddable":true,"href":"http:\/\/www.kjv-harheim.de\/index.php\/wp-json\/wp\/v2\/users\/1"}],"replies":[{"embeddable":true,"href":"http:\/\/www.kjv-harheim.de\/index.php\/wp-json\/wp\/v2\/comments?post=3360"}],"version-history":[{"count":5,"href":"http:\/\/www.kjv-harheim.de\/index.php\/wp-json\/wp\/v2\/pages\/3360\/revisions"}],"predecessor-version":[{"id":7373,"href":"http:\/\/www.kjv-harheim.de\/index.php\/wp-json\/wp\/v2\/pages\/3360\/revisions\/7373"}],"up":[{"embeddable":true,"href":"http:\/\/www.kjv-harheim.de\/index.php\/wp-json\/wp\/v2\/pages\/38"}],"wp:attachment":[{"href":"http:\/\/www.kjv-harheim.de\/index.php\/wp-json\/wp\/v2\/media?parent=3360"}],"curies":[{"name":"wp","href":"https:\/\/api.w.org\/{rel}","templated":true}]}}