{"id":40,"date":"2012-04-19T21:06:51","date_gmt":"2012-04-19T21:06:51","guid":{"rendered":"http:\/\/www.kjv-harheim.de\/?page_id=17"},"modified":"2016-07-03T11:15:42","modified_gmt":"2016-07-03T09:15:42","slug":"der-verein","status":"publish","type":"page","link":"http:\/\/www.kjv-harheim.de\/index.php\/wir-uber-uns\/der-verein\/","title":{"rendered":"Der Verein"},"content":{"rendered":"<p style=\"line-height: normal; margin: 0cm 0cm 0pt; tab-stops: 45.8pt 91.6pt 137.4pt 183.2pt 229.0pt 274.8pt 320.6pt 366.4pt 412.2pt 458.0pt 503.8pt 549.6pt 595.4pt 641.2pt 687.0pt 732.8pt;\"><span style=\"font-family: 'Arial','sans-serif'; color: black; font-size: 10pt;\">Der Katholische Jugendverein Harheim wurde 1910 von Pfarrer Hemmes ins Leben gerufen. <\/span><span style=\"font-family: 'Arial','sans-serif'; color: black; font-size: 10pt;\">Sein Ziel war es, die soziale, religi\u00f6se und geistige Erziehung seiner Mitglieder zu f\u00f6rdern. <\/span><span style=\"font-family: 'Arial','sans-serif'; color: black; font-size: 10pt;\">Im Jahre 1914 gr\u00fcndete sich der Spielmannszug des KJV und hatte bei der Fahnenweihe am <\/span><span style=\"font-family: 'Arial','sans-serif'; color: black; font-size: 10pt;\">07.Juni 1924 seinen ersten Auftritt.<\/span><\/p>\n<p style=\"line-height: normal; margin: 0cm 0cm 0pt; tab-stops: 45.8pt 91.6pt 137.4pt 183.2pt 229.0pt 274.8pt 320.6pt 366.4pt 412.2pt 458.0pt 503.8pt 549.6pt 595.4pt 641.2pt 687.0pt 732.8pt;\"><span style=\"font-family: 'Arial','sans-serif'; color: black; font-size: 10pt;\">Der KJV hat heute ca. 280 Mitglieder, f\u00fcr die er die M\u00f6glichkeit zur musikalischen, sportlichen, kulturellen und\/oder geselligen Freizeitgestaltung bietet. <\/span><\/p>\n<p style=\"line-height: normal; margin: 0cm 0cm 0pt; tab-stops: 45.8pt 91.6pt 137.4pt 183.2pt 229.0pt 274.8pt 320.6pt 366.4pt 412.2pt 458.0pt 503.8pt 549.6pt 595.4pt 641.2pt 687.0pt 732.8pt;\"><span style=\"font-family: 'Arial','sans-serif'; color: black; font-size: 10pt;\">Kinder ab 5-6 Jahren k\u00f6nnen an einem Blockfl\u00f6tenkurs teilnehmen, und Kinder bzw. Jugendliche mit musikalischen Grundkenntnissen k\u00f6nnen eine Ausbildung an einem Musikinstrument absolvieren mit dem Ziel, sp\u00e4ter in den Musikzug des KJV \u00fcbernommen zu werden. <\/span><\/p>\n<p style=\"line-height: normal; margin: 0cm 0cm 0pt; tab-stops: 45.8pt 91.6pt 137.4pt 183.2pt 229.0pt 274.8pt 320.6pt 366.4pt 412.2pt 458.0pt 503.8pt 549.6pt 595.4pt 641.2pt 687.0pt 732.8pt;\"><span style=\"font-family: 'Arial','sans-serif'; color: black; font-size: 10pt;\">Der Musikzug besteht aus rund 20 Aktiven; \u00fcber jeden Neuzugang freuen wir uns.<\/span><\/p>\n<p style=\"line-height: normal; margin: 0cm 0cm 0pt; tab-stops: 45.8pt 91.6pt 137.4pt 183.2pt 229.0pt 274.8pt 320.6pt 366.4pt 412.2pt 458.0pt 503.8pt 549.6pt 595.4pt 641.2pt 687.0pt 732.8pt;\"><span style=\"font-family: 'Arial','sans-serif'; color: black; font-size: 10pt;\">Im kulturellen Bereich ist der KJV ebenfalls sehr aktiv. Neben einem Theaterst\u00fcck, das im Rahmen eines Familiennachmittags traditionsgem\u00e4\u00df jedes Jahr aufgef\u00fchrt wird, spielt der Karneval eine gro\u00dfe Rolle im KJV. <\/span><\/p>\n<p style=\"line-height: normal; margin: 0cm 0cm 0pt; tab-stops: 45.8pt 91.6pt 137.4pt 183.2pt 229.0pt 274.8pt 320.6pt 366.4pt 412.2pt 458.0pt 503.8pt 549.6pt 595.4pt 641.2pt 687.0pt 732.8pt;\"><span style=\"font-family: 'Arial','sans-serif'; color: black; font-size: 10pt;\">Von der Weiberfassenacht \u00fcber den gemeinsam mit der Freiwilligen Feuerwehr veranstalteten Maskenball bis hin zur Rosenmontagssitzung: Hier sind mehr als 90 Mitglieder aller Altersgruppen aktiv. Au\u00dferdem sind noch das traditionelle 1. Mai-Turnier, das Bornfest, das Brunnenfest und der Weihnachtsmarkt zu erw\u00e4hnen. Hinzu kommen noch Grillabende und Ausfl\u00fcge, bzw. Wochenendausfl\u00fcge mit dem Musikzug.<br \/>\n<\/span><\/p>\n<p style=\"line-height: normal; margin: 0cm 0cm 0pt; tab-stops: 45.8pt 91.6pt 137.4pt 183.2pt 229.0pt 274.8pt 320.6pt 366.4pt 412.2pt 458.0pt 503.8pt 549.6pt 595.4pt 641.2pt 687.0pt 732.8pt;\"><span style=\"font-family: 'Arial','sans-serif'; color: black; font-size: 10pt;\">Als katholischer Verein sind wir selbstverst\u00e4ndlich auch in unserer Pfarrgemeinde engagiert. Viele Mitglieder helfen bei der Gestaltung des kirchlichen Gemeindelebens aktiv mit, sei es im Pfarrgemeinderat, als Lektor, Me\u00dfdiener, Jugendleiter oder bei der musikalischen Gestaltung von Gottesdiensten.<\/span><\/p>\n<p style=\"line-height: normal; margin: 0cm 0cm 0pt; tab-stops: 45.8pt 91.6pt 137.4pt 183.2pt 229.0pt 274.8pt 320.6pt 366.4pt 412.2pt 458.0pt 503.8pt 549.6pt 595.4pt 641.2pt 687.0pt 732.8pt;\"><span style=\"font-family: 'Arial','sans-serif'; color: black; font-size: 10pt;\">Durch diese breite F\u00fclle von Aktivit\u00e4ten entstand \u00fcber Jahrzehnte die &#8222;Gro\u00dffamilie KJV&#8220;, in der Hilfsbereitschaft, Kameradschaft und der Zusammenhalt hervorzuheben sind.<\/span><\/p>\n<p style=\"line-height: normal; margin: 0cm 0cm 0pt; tab-stops: 45.8pt 91.6pt 137.4pt 183.2pt 229.0pt 274.8pt 320.6pt 366.4pt 412.2pt 458.0pt 503.8pt 549.6pt 595.4pt 641.2pt 687.0pt 732.8pt;\"><span style=\"font-family: 'Arial','sans-serif'; color: black; font-size: 10pt;\">Der KJV wird auch in Zukunft bem\u00fcht sein, das Zusammenleben und die zwischenmenschliche Beziehungen in unserer Gemeinde zu f\u00f6rdern und hofft auf Ihre Unterst\u00fctzung.<\/span><\/p>\n<p style=\"line-height: normal; margin: 0cm 0cm 0pt; tab-stops: 45.8pt 91.6pt 137.4pt 183.2pt 229.0pt 274.8pt 320.6pt 366.4pt 412.2pt 458.0pt 503.8pt 549.6pt 595.4pt 641.2pt 687.0pt 732.8pt;\" align=\"center\">* * *<\/p>\n<p><span style=\"font-family: 'Arial','sans-serif'; color: black; font-size: 10pt;\">Fragen bez\u00fcglich der Mitgliedschaft im KJV richten Sie bitte direkt an den 1.Vorsitzenden,<br \/>\n<\/span><\/p>\n<p align=\"center\"><span style=\"font-family: 'Arial','sans-serif'; color: black; font-size: 10pt;\"><a href=\"mailto:Vorsitzender@kjv-harheim.de\">Vorsitzender@kjv-harheim.de<\/a><\/span><\/p>\n<p><span style=\"font-family: 'Arial','sans-serif'; color: black; font-size: 10pt;\">Sollten Sie Interesse an der musikalen Fr\u00fcherziehung haben und m\u00f6chten hierzu Informationen. Dann wenden Sie sich doch am besten an unsere Stabf\u00fchrer.<\/span><\/p>\n<p align=\"center\"><span style=\"font-family: 'Arial','sans-serif'; color: black; font-size: 10pt;\"><a href=\"mailto:Musikzug@kjv-harheim.de\">Musikzug@kjv-harheim.de<\/a><\/span><\/p>\n<p><span style=\"font-family: 'Arial','sans-serif'; color: black; font-size: 10pt;\">Nat\u00fcrlich freuen wir uns \u00fcber jedes neue Mitglied im KJV. Das hierzu n\u00f6tige Anmeldeformular kann man sich einfach im Bereich [<a href=\"index.php?option=com_phocadownload&amp;view=category&amp;id=1:formulare&amp;Itemid=48\">Download<\/a>] herunterladen.<\/span><\/p>\n<p>&nbsp;<\/p>\n","protected":false},"excerpt":{"rendered":"<p>Der Katholische Jugendverein Harheim wurde 1910 von Pfarrer Hemmes ins Leben gerufen. Sein Ziel war es, die soziale, religi\u00f6se und geistige Erziehung seiner Mitglieder zu f\u00f6rdern. Im Jahre 1914 gr\u00fcndete sich der Spielmannszug des KJV und hatte bei der Fahnenweihe am 07.Juni 1924 seinen ersten Auftritt. Der KJV hat heute ca. 280 Mitglieder, f\u00fcr die [&hellip;]<\/p>\n","protected":false},"author":1,"featured_media":0,"parent":38,"menu_order":0,"comment_status":"open","ping_status":"open","template":"","meta":{"jetpack_post_was_ever_published":false},"jetpack_sharing_enabled":true,"jetpack_shortlink":"https:\/\/wp.me\/P7HeFu-E","jetpack-related-posts":[{"id":5852,"url":"http:\/\/www.kjv-harheim.de\/index.php\/wir-uber-uns\/datenschutzerklaerung\/","url_meta":{"origin":40,"position":0},"title":"Datenschutzerkl\u00e4rung","date":"24. Mai 2018","format":false,"excerpt":"Datenschutzerkl\u00e4rung Wir freuen uns sehr \u00fcber Ihr Interesse an unserem Verein. Datenschutz hat einen besonders hohen Stellenwert f\u00fcr den Katholischen Jugendverein Frankfurt am Main - Harheim e.V. (kurz: KJV). Eine Nutzung der Internetseiten des Katholischen Jugendverein Frankfurt am Main - Harheim e.V. (kurz: KJV) ist grunds\u00e4tzlich ohne jede Angabe personenbezogener\u2026","rel":"","context":"\u00c4hnlicher Beitrag","img":{"alt_text":"","src":"","width":0,"height":0},"classes":[]},{"id":151,"url":"http:\/\/www.kjv-harheim.de\/index.php\/wir-uber-uns\/der-vorstand-2\/","url_meta":{"origin":40,"position":1},"title":"Der Vorstand","date":"23. April 2012","format":false,"excerpt":"Michael Fries 1. Vorsitzender Vorsitzender@kjv-harheim.de Kerstin Heisig-Fischer 2. Vorsitzende Vorsitzende@kjv-harheim.de Andreas Kordek Kassierer Kassierer@kjv-harheim.de Jakob Schmidt Schriftf\u00fchrer Schriftfuehrer@kjv-harheim.de Melina Krimmel stellv. Schriftf\u00fchrerin Schriftfuehrer@kjv-harheim.de Christiane Sch\u00fcrmann 1.Stabf\u00fchrerin Musikzug@kjv-harheim.de Johanna Fries 2.Stabf\u00fchrerin Musikzug@kjv-harheim.de Helena Schieferdecker Jugendvertreterin Jugendvertreter@kjv-harheim.de Kerstin Schmidt Jugendvertreterin Jugendvertreter@kjv-harheim.de Christine Gaulrapp Zeugwart Zeugwart@kjv-harheim.de Robert Guth Vereinsringbeauftragter Vereinsring@kjv-harheim.de Heiko Schmidt Fastnachtbeauftragter\u2026","rel":"","context":"\u00c4hnlicher Beitrag","img":{"alt_text":"","src":"","width":0,"height":0},"classes":[]},{"id":3360,"url":"http:\/\/www.kjv-harheim.de\/index.php\/wir-uber-uns\/impressum2\/","url_meta":{"origin":40,"position":2},"title":"Impressum","date":"22. Juni 2016","format":false,"excerpt":"Katholischer Jugendverein Frankfurt\/Main Harheim e.V. Ma\u00dfbornstra\u00dfe 35 60437 Frankfurt am Main Telefon: 06101\/49570 E-Mail: webmaster@kjv-Harheim.de Internet: www.kjv-harheim.de Bankverbindung: Frankfurter Volksbank eG IBAN: DE46 5019 0000 6300 6071 42 \u00a0 Vertretungsberechtigter Vorstand: Michael Fries (1. Vorsitzender), Kerstin Heisig-Fischer (2. Vorsitzende) Inhaltlich Verantwortlicher gem\u00e4\u00df \u00a7 10 Absatz 3 MDStV: Torsten Meth, Winkelgasse\u2026","rel":"","context":"\u00c4hnlicher Beitrag","img":{"alt_text":"","src":"","width":0,"height":0},"classes":[]},{"id":7290,"url":"http:\/\/www.kjv-harheim.de\/index.php\/preise-und-leistungen\/","url_meta":{"origin":40,"position":3},"title":"Preise und Leistungen","date":"13. April 2023","format":false,"excerpt":"KJV Mitgliedsbeitr\u00e4ge: Erwachsene 30,00 \u20ac pro Jahr \u00a0 1. Kind 18,00 \u20ac pro Jahr \u00a0 2. Kind 13,00 \u20ac pro Jahr \u00a0 jedes weitere Kind 5,00 \u20ac pro Jahr \u00a0 Besondere zus\u00e4tzliche Leistungen \u00a0 \u00a0 Mitgliedsbeitrag f\u00fcr den KJV Musikzug: 15,00 \u20ac pro Monat \u00a0 \u00a0 \u00a0 \u00a0 Blockfl\u00f6tenkurse f\u00fcr\u2026","rel":"","context":"\u00c4hnlicher Beitrag","img":{"alt_text":"","src":"","width":0,"height":0},"classes":[]},{"id":398,"url":"http:\/\/www.kjv-harheim.de\/","url_meta":{"origin":40,"position":4},"title":"Startseite","date":"23. April 2012","format":false,"excerpt":"Herzlich willkommen auf den Internetseiten des Katholischen Jugend Verein Frankfurt-Harheim e.V. \u2013 kurz \u201eKJV\u201c. Wir freuen uns, dass Sie unsere Internetpr\u00e4senz besuchen. Auf unseren Seiten stellen wir Ihnen die vielen Facetten unseres bunten Vereinslebens vor. Jede und jeder ist bei uns herzlich willkommen, wir freuen uns \u00fcber jedes neue Gesicht!\u2026","rel":"","context":"\u00c4hnlicher Beitrag","img":{"alt_text":"","src":"https:\/\/i0.wp.com\/www.kjv-harheim.de\/wp-content\/uploads\/2026\/03\/Save-the-date-2026-1.jpg?resize=350%2C200","width":350,"height":200},"classes":[]}],"_links":{"self":[{"href":"http:\/\/www.kjv-harheim.de\/index.php\/wp-json\/wp\/v2\/pages\/40"}],"collection":[{"href":"http:\/\/www.kjv-harheim.de\/index.php\/wp-json\/wp\/v2\/pages"}],"about":[{"href":"http:\/\/www.kjv-harheim.de\/index.php\/wp-json\/wp\/v2\/types\/page"}],"author":[{"embeddable":true,"href":"http:\/\/www.kjv-harheim.de\/index.php\/wp-json\/wp\/v2\/users\/1"}],"replies":[{"embeddable":true,"href":"http:\/\/www.kjv-harheim.de\/index.php\/wp-json\/wp\/v2\/comments?post=40"}],"version-history":[{"count":1,"href":"http:\/\/www.kjv-harheim.de\/index.php\/wp-json\/wp\/v2\/pages\/40\/revisions"}],"predecessor-version":[{"id":3439,"href":"http:\/\/www.kjv-harheim.de\/index.php\/wp-json\/wp\/v2\/pages\/40\/revisions\/3439"}],"up":[{"embeddable":true,"href":"http:\/\/www.kjv-harheim.de\/index.php\/wp-json\/wp\/v2\/pages\/38"}],"wp:attachment":[{"href":"http:\/\/www.kjv-harheim.de\/index.php\/wp-json\/wp\/v2\/media?parent=40"}],"curies":[{"name":"wp","href":"https:\/\/api.w.org\/{rel}","templated":true}]}}