{"id":7290,"date":"2023-04-13T20:28:03","date_gmt":"2023-04-13T18:28:03","guid":{"rendered":"http:\/\/www.kjv-harheim.de\/?page_id=7290"},"modified":"2023-04-21T09:21:01","modified_gmt":"2023-04-21T07:21:01","slug":"preise-und-leistungen","status":"publish","type":"page","link":"http:\/\/www.kjv-harheim.de\/index.php\/preise-und-leistungen\/","title":{"rendered":"Preise und Leistungen"},"content":{"rendered":"\n<h1><strong>KJV Mitgliedsbeitr\u00e4ge:<\/strong><\/h1>\n<table style=\"border-collapse: collapse; width: 98.7931%; height: 396px;\">\n<tbody>\n<tr style=\"height: 41px;\">\n<td style=\"width: 68.3243%; height: 41px;\">Erwachsene<\/td>\n<td style=\"width: 24.8465%; height: 41px;\">30,00 \u20ac pro Jahr<\/td>\n<td style=\"width: 1.72414%; height: 41px;\">\u00a0<\/td>\n<\/tr>\n<tr style=\"height: 41px;\">\n<td style=\"width: 68.3243%; height: 41px;\">1. Kind<\/td>\n<td style=\"width: 24.8465%; height: 41px;\">18,00 \u20ac pro Jahr<\/td>\n<td style=\"width: 1.72414%; height: 41px;\">\u00a0<\/td>\n<\/tr>\n<tr style=\"height: 41px;\">\n<td style=\"width: 68.3243%; height: 41px;\">2. Kind<\/td>\n<td style=\"width: 24.8465%; height: 41px;\">13,00 \u20ac pro Jahr<\/td>\n<td style=\"width: 1.72414%; height: 41px;\">\u00a0<\/td>\n<\/tr>\n<tr style=\"height: 41px;\">\n<td style=\"width: 68.3243%; height: 41px;\">jedes weitere Kind<\/td>\n<td style=\"width: 24.8465%; height: 41px;\">5,00 \u20ac pro Jahr<\/td>\n<td style=\"width: 1.72414%; height: 41px;\">\u00a0<\/td>\n<\/tr>\n<tr style=\"height: 15px;\">\n<td style=\"width: 68.3243%; height: 15px;\">\n<h3><strong>Besondere zus\u00e4tzliche Leistungen<\/strong><\/h3>\n<\/td>\n<td style=\"width: 24.8465%; height: 15px;\">\u00a0<\/td>\n<td style=\"width: 1.72414%; height: 15px;\">\u00a0<\/td>\n<\/tr>\n<tr style=\"height: 41px;\">\n<td style=\"width: 68.3243%; height: 41px;\">Mitgliedsbeitrag f\u00fcr den KJV Musikzug:<\/td>\n<td style=\"width: 24.8465%; height: 41px;\">15,00 \u20ac pro Monat<\/td>\n<td style=\"width: 1.72414%; height: 41px;\">\u00a0<\/td>\n<\/tr>\n<tr style=\"height: 21px;\">\n<td style=\"width: 68.3243%; height: 21px;\">\u00a0<\/td>\n<td style=\"width: 24.8465%; height: 21px;\">\u00a0<\/td>\n<td style=\"width: 1.72414%; height: 21px;\">\u00a0<\/td>\n<\/tr>\n<tr style=\"height: 43px;\">\n<td style=\"width: 68.3243%; height: 43px;\">Blockfl\u00f6tenkurse f\u00fcr Einsteiger*innen (w\u00f6chentlich):<\/td>\n<td style=\"width: 24.8465%; height: 43px;\">25,00 \u20ac pro Monat<\/td>\n<td style=\"width: 1.72414%; height: 43px;\">\u00a0<\/td>\n<\/tr>\n<tr style=\"height: 69px;\">\n<td style=\"width: 68.3243%; height: 69px;\">Instrumentalunterricht (Einzeln oder in Kleingruppen):<br \/>(Mitgliedsbeitrag f\u00fcr den Musikzug f\u00e4llt weg)<\/td>\n<td style=\"width: 24.8465%; height: 69px;\">35,00 \u20ac pro Monat<\/td>\n<td style=\"width: 1.72414%; height: 69px;\">\u00a0<\/td>\n<\/tr>\n<tr style=\"height: 43px;\">\n<td style=\"width: 68.3243%; height: 43px;\">\u00a0<\/td>\n<td style=\"width: 24.8465%; height: 43px;\">\u00a0<\/td>\n<td style=\"width: 1.72414%; height: 43px;\">\u00a0<\/td>\n<\/tr>\n<\/tbody>\n<\/table>\n<p>Monatsbeitr\u00e4ge werden nur f\u00fcr 10 Monate im Jahr erhoben.<br \/>Die Abbuchung erfolgt alle 2 Monate per SEPA-Lastschrift.<br \/>Diese Beitr\u00e4ge sind ver\u00e4nderlich.<\/p>\n<p>\u00a0<\/p>\n","protected":false},"excerpt":{"rendered":"<p>KJV Mitgliedsbeitr\u00e4ge: Erwachsene 30,00 \u20ac pro Jahr \u00a0 1. Kind 18,00 \u20ac pro Jahr \u00a0 2. Kind 13,00 \u20ac pro Jahr \u00a0 jedes weitere Kind 5,00 \u20ac pro Jahr \u00a0 Besondere zus\u00e4tzliche Leistungen \u00a0 \u00a0 Mitgliedsbeitrag f\u00fcr den KJV Musikzug: 15,00 \u20ac pro Monat \u00a0 \u00a0 \u00a0 \u00a0 Blockfl\u00f6tenkurse f\u00fcr Einsteiger*innen (w\u00f6chentlich): 25,00 \u20ac pro [&hellip;]<\/p>\n","protected":false},"author":1,"featured_media":0,"parent":0,"menu_order":0,"comment_status":"closed","ping_status":"closed","template":"","meta":{"jetpack_post_was_ever_published":false},"jetpack_sharing_enabled":true,"jetpack_shortlink":"https:\/\/wp.me\/P7HeFu-1TA","jetpack-related-posts":[{"id":40,"url":"http:\/\/www.kjv-harheim.de\/index.php\/wir-uber-uns\/der-verein\/","url_meta":{"origin":7290,"position":0},"title":"Der Verein","date":"19. April 2012","format":false,"excerpt":"Der Katholische Jugendverein Harheim wurde 1910 von Pfarrer Hemmes ins Leben gerufen. Sein Ziel war es, die soziale, religi\u00f6se und geistige Erziehung seiner Mitglieder zu f\u00f6rdern. Im Jahre 1914 gr\u00fcndete sich der Spielmannszug des KJV und hatte bei der Fahnenweihe am 07.Juni 1924 seinen ersten Auftritt. Der KJV hat heute\u2026","rel":"","context":"\u00c4hnlicher Beitrag","img":{"alt_text":"","src":"","width":0,"height":0},"classes":[]}],"_links":{"self":[{"href":"http:\/\/www.kjv-harheim.de\/index.php\/wp-json\/wp\/v2\/pages\/7290"}],"collection":[{"href":"http:\/\/www.kjv-harheim.de\/index.php\/wp-json\/wp\/v2\/pages"}],"about":[{"href":"http:\/\/www.kjv-harheim.de\/index.php\/wp-json\/wp\/v2\/types\/page"}],"author":[{"embeddable":true,"href":"http:\/\/www.kjv-harheim.de\/index.php\/wp-json\/wp\/v2\/users\/1"}],"replies":[{"embeddable":true,"href":"http:\/\/www.kjv-harheim.de\/index.php\/wp-json\/wp\/v2\/comments?post=7290"}],"version-history":[{"count":5,"href":"http:\/\/www.kjv-harheim.de\/index.php\/wp-json\/wp\/v2\/pages\/7290\/revisions"}],"predecessor-version":[{"id":7311,"href":"http:\/\/www.kjv-harheim.de\/index.php\/wp-json\/wp\/v2\/pages\/7290\/revisions\/7311"}],"wp:attachment":[{"href":"http:\/\/www.kjv-harheim.de\/index.php\/wp-json\/wp\/v2\/media?parent=7290"}],"curies":[{"name":"wp","href":"https:\/\/api.w.org\/{rel}","templated":true}]}}